{"id":10,"date":"2019-08-21T14:11:57","date_gmt":"2019-08-21T14:11:57","guid":{"rendered":"http:\/\/jung-verwitwet.org\/?page_id=10"},"modified":"2025-11-29T16:03:08","modified_gmt":"2025-11-29T16:03:08","slug":"kontakt","status":"publish","type":"page","link":"https:\/\/jung-verwitwet.org\/?page_id=10","title":{"rendered":"Kontakt \/ Spenden"},"content":{"rendered":"\n<p>Wenn Du Interesse an unserem Angebot hast und uns gerne pers\u00f6nlich kennenlernen m\u00f6chtest, dann scheue Dich nicht, Dich bei uns zu melden. <\/p>\n\n\n\n<p>Am besten erreichst Du uns per E-Mail unter:<strong> <\/strong><br><strong>mail@jung-verwitwet.org<\/strong><br>Wenn Du uns eine E-Mail schreibst, dann beachte bitte, dass wir Deine E-Mail (E-Mailadresse und gesamter Inhalt der E-Mail) speichern. Diesbez\u00fcglich verweisen wir auf unsere Datenschutzerkl\u00e4rung.<\/p>\n\n\n\n<p>Gerne kannst Du uns auch telefonisch kontaktieren: 07633-9198065<\/p>\n\n\n\n<p>Postalisch erreichst Du uns unter: <br>jung verwitwet e. V.                   <br>Franz-Liszt-Allee 49<br>79189 Bad Krozingen<\/p>\n\n\n\n<p><strong>Spenden:<\/strong><br>Der Verein jung verwitwet e.V. ist vom Finanzamt als mildt\u00e4tig anerkannt.<br>Gerne stellen wir auf Wunsch Zuwendungsbest\u00e4tigungen aus.<br>Bankverbindung: DE 68 8306 5408 0004 0645 77<br>Empf\u00e4nger: jung verwitwet e.V.<br>Verwendungszweck: \u00fcber einen konkreten Verwendungszweck wie zum Beispiel \u201eTrauerwochenende 2026\u201c w\u00fcrden wir uns sehr freuen.<\/p>\n","protected":false},"excerpt":{"rendered":"<p>Wenn Du Interesse an unserem Angebot hast und uns gerne pers\u00f6nlich kennenlernen m\u00f6chtest, dann scheue Dich nicht, Dich bei uns zu melden. Am besten erreichst Du uns per E-Mail unter: mail@jung-verwitwet.orgWenn Du uns eine E-Mail schreibst, dann beachte bitte, dass wir Deine E-Mail (E-Mailadresse und gesamter Inhalt der E-Mail) speichern. Diesbez\u00fcglich verweisen wir auf unsere [&hellip;]<\/p>\n","protected":false},"author":1,"featured_media":0,"parent":0,"menu_order":0,"comment_status":"closed","ping_status":"closed","template":"","meta":[],"_links":{"self":[{"href":"https:\/\/jung-verwitwet.org\/index.php?rest_route=\/wp\/v2\/pages\/10"}],"collection":[{"href":"https:\/\/jung-verwitwet.org\/index.php?rest_route=\/wp\/v2\/pages"}],"about":[{"href":"https:\/\/jung-verwitwet.org\/index.php?rest_route=\/wp\/v2\/types\/page"}],"author":[{"embeddable":true,"href":"https:\/\/jung-verwitwet.org\/index.php?rest_route=\/wp\/v2\/users\/1"}],"replies":[{"embeddable":true,"href":"https:\/\/jung-verwitwet.org\/index.php?rest_route=%2Fwp%2Fv2%2Fcomments&post=10"}],"version-history":[{"count":2,"href":"https:\/\/jung-verwitwet.org\/index.php?rest_route=\/wp\/v2\/pages\/10\/revisions"}],"predecessor-version":[{"id":268,"href":"https:\/\/jung-verwitwet.org\/index.php?rest_route=\/wp\/v2\/pages\/10\/revisions\/268"}],"wp:attachment":[{"href":"https:\/\/jung-verwitwet.org\/index.php?rest_route=%2Fwp%2Fv2%2Fmedia&parent=10"}],"curies":[{"name":"wp","href":"https:\/\/api.w.org\/{rel}","templated":true}]}}