{"id":36,"date":"2019-08-21T15:34:27","date_gmt":"2019-08-21T15:34:27","guid":{"rendered":"http:\/\/jung-verwitwet.org\/?page_id=36"},"modified":"2025-10-16T15:19:36","modified_gmt":"2025-10-16T15:19:36","slug":"angebot-und-netzwerk","status":"publish","type":"page","link":"https:\/\/jung-verwitwet.org\/?page_id=36","title":{"rendered":"Netzwerk und Angebot"},"content":{"rendered":"\n<p>Wir veranstalten gemeinsame Treffen wie Stammtischrunden, Sonntagsbrunche, Ausfl\u00fcge oder Themenveranstaltungen, bei denen die M\u00f6glichkeit besteht, neue Kontakte zu kn\u00fcpfen und sich in ungezwungener Atmosph\u00e4re den Themen unseres aus der Reihe gefallenen Lebens zuzuwenden.<\/p>\n\n\n\n<p>Soweit unsere Veranstaltungen sich nicht auch an Kinder richten, bem\u00fchen wir uns, f\u00fcr die Dauer der Veranstaltung eine Kinderbetreuung zu organisieren.<\/p>\n\n\n\n<p><strong>Aktuelles: Wir haben unser Orga-Team im Oktober 2025 erweitert!<\/strong><\/p>\n","protected":false},"excerpt":{"rendered":"<p>Wir veranstalten gemeinsame Treffen wie Stammtischrunden, Sonntagsbrunche, Ausfl\u00fcge oder Themenveranstaltungen, bei denen die M\u00f6glichkeit besteht, neue Kontakte zu kn\u00fcpfen und sich in ungezwungener Atmosph\u00e4re den Themen unseres aus der Reihe gefallenen Lebens zuzuwenden. Soweit unsere Veranstaltungen sich nicht auch an Kinder richten, bem\u00fchen wir uns, f\u00fcr die Dauer der Veranstaltung eine Kinderbetreuung zu organisieren. Aktuelles: [&hellip;]<\/p>\n","protected":false},"author":1,"featured_media":0,"parent":0,"menu_order":0,"comment_status":"closed","ping_status":"closed","template":"","meta":[],"_links":{"self":[{"href":"https:\/\/jung-verwitwet.org\/index.php?rest_route=\/wp\/v2\/pages\/36"}],"collection":[{"href":"https:\/\/jung-verwitwet.org\/index.php?rest_route=\/wp\/v2\/pages"}],"about":[{"href":"https:\/\/jung-verwitwet.org\/index.php?rest_route=\/wp\/v2\/types\/page"}],"author":[{"embeddable":true,"href":"https:\/\/jung-verwitwet.org\/index.php?rest_route=\/wp\/v2\/users\/1"}],"replies":[{"embeddable":true,"href":"https:\/\/jung-verwitwet.org\/index.php?rest_route=%2Fwp%2Fv2%2Fcomments&post=36"}],"version-history":[{"count":1,"href":"https:\/\/jung-verwitwet.org\/index.php?rest_route=\/wp\/v2\/pages\/36\/revisions"}],"predecessor-version":[{"id":249,"href":"https:\/\/jung-verwitwet.org\/index.php?rest_route=\/wp\/v2\/pages\/36\/revisions\/249"}],"wp:attachment":[{"href":"https:\/\/jung-verwitwet.org\/index.php?rest_route=%2Fwp%2Fv2%2Fmedia&parent=36"}],"curies":[{"name":"wp","href":"https:\/\/api.w.org\/{rel}","templated":true}]}}