{"id":4,"date":"2019-08-21T13:55:45","date_gmt":"2019-08-21T13:55:45","guid":{"rendered":"http:\/\/jung-verwitwet.org\/?page_id=4"},"modified":"2024-11-02T12:51:29","modified_gmt":"2024-11-02T12:51:29","slug":"jung-verwitwet-e-v","status":"publish","type":"page","link":"https:\/\/jung-verwitwet.org\/?page_id=4","title":{"rendered":"Willkommen"},"content":{"rendered":"\n<p>Willkommen auf der Homepage von jung verwitwet e. V., dem Selbsthilfenetzwerk in Freiburg und Umgebung f\u00fcr jung Verwitwete. Wir freuen uns, dass Du den Weg hierher gefunden hast. Das ist schon ein gro\u00dfer Schritt auf Deinem pers\u00f6nlichen Weg der Trauer.<\/p>\n\n\n\n<blockquote class=\"wp-block-quote\">\n<p>&#8222;Ich setzte den Fu\u00df in die Luft,<br>und sie trug.&#8220;<\/p>\n\n\n\n<p>Hilde Domin<\/p>\n<\/blockquote>\n\n\n\n<p>Auf den folgenden Seiten informieren wir \u00fcber unser Angebot und unsere Aktivit\u00e4ten.<\/p>\n\n\n\n<p>Unsere Partner:<\/p>\n\n\n\n<ul>\n<li>Hospizverein Freiburg e.V.<\/li>\n<\/ul>\n\n\n\n<p>Gef\u00f6rdert von:<\/p>\n\n\n\n<ul>\n<li> FAIR ways F\u00f6rderpreis 2022<\/li>\n\n\n\n<li>Stadt Freiburg &#8211; Projektf\u00f6rderung &#8211; 2023<\/li>\n<\/ul>\n\n\n\n<p><\/p>\n","protected":false},"excerpt":{"rendered":"<p>Willkommen auf der Homepage von jung verwitwet e. V., dem Selbsthilfenetzwerk in Freiburg und Umgebung f\u00fcr jung Verwitwete. Wir freuen uns, dass Du den Weg hierher gefunden hast. Das ist schon ein gro\u00dfer Schritt auf Deinem pers\u00f6nlichen Weg der Trauer. &#8222;Ich setzte den Fu\u00df in die Luft,und sie trug.&#8220; Hilde Domin Auf den folgenden Seiten [&hellip;]<\/p>\n","protected":false},"author":1,"featured_media":0,"parent":0,"menu_order":0,"comment_status":"closed","ping_status":"closed","template":"","meta":[],"_links":{"self":[{"href":"https:\/\/jung-verwitwet.org\/index.php?rest_route=\/wp\/v2\/pages\/4"}],"collection":[{"href":"https:\/\/jung-verwitwet.org\/index.php?rest_route=\/wp\/v2\/pages"}],"about":[{"href":"https:\/\/jung-verwitwet.org\/index.php?rest_route=\/wp\/v2\/types\/page"}],"author":[{"embeddable":true,"href":"https:\/\/jung-verwitwet.org\/index.php?rest_route=\/wp\/v2\/users\/1"}],"replies":[{"embeddable":true,"href":"https:\/\/jung-verwitwet.org\/index.php?rest_route=%2Fwp%2Fv2%2Fcomments&post=4"}],"version-history":[{"count":1,"href":"https:\/\/jung-verwitwet.org\/index.php?rest_route=\/wp\/v2\/pages\/4\/revisions"}],"predecessor-version":[{"id":231,"href":"https:\/\/jung-verwitwet.org\/index.php?rest_route=\/wp\/v2\/pages\/4\/revisions\/231"}],"wp:attachment":[{"href":"https:\/\/jung-verwitwet.org\/index.php?rest_route=%2Fwp%2Fv2%2Fmedia&parent=4"}],"curies":[{"name":"wp","href":"https:\/\/api.w.org\/{rel}","templated":true}]}}