{"id":58,"date":"2019-08-22T09:26:54","date_gmt":"2019-08-22T09:26:54","guid":{"rendered":"http:\/\/jung-verwitwet.org\/?page_id=58"},"modified":"2023-07-09T10:34:50","modified_gmt":"2023-07-09T10:34:50","slug":"datenschutzerklaerung","status":"publish","type":"page","link":"https:\/\/jung-verwitwet.org\/?page_id=58","title":{"rendered":"Datenschutzerkl\u00e4rung"},"content":{"rendered":"\n<p><strong>Informationen nach der DSGVO zum Datenschutz<\/strong><strong><\/strong><\/p>\n\n\n\n<p><strong>Datenschutzrechtlich Verantwortlicher<\/strong><strong><\/strong><\/p>\n\n\n\n<p>Verantwortlicher f\u00fcr die Datenverarbeitung ist jung verwitwet e. V., Franz-Liszt-Allee 49, 79189 Bad-Krozingen, Tel.: 07633-9198065, E-Mail: datenschutz@jung-verwitwet.org, Vorstand: Oliver Gericke, Dr. Lena K\u00fchnbach, Dr. Nasrin Abdullah.<\/p>\n\n\n\n<p><strong>Welche Daten erheben wir von Ihnen und wie verarbeiten wir die Daten?<\/strong><strong><\/strong><\/p>\n\n\n\n<p>Wenn Sie uns eine E-Mail schreiben, \u00fcberlassen Sie uns damit pers\u00f6nliche Daten. Das ist zum einen die E-Mailadresse, von der aus Sie senden. Zum anderen sind es ggf. weitere Daten, die Ihre E-Mail enth\u00e4lt, wie Ihren Namen, weitere Kontaktdaten und der Inhalt Ihrer E-Mail.<\/p>\n\n\n\n<p>Wir speichern und verarbeiten diese pers\u00f6nlichen Daten nach Art. 6 Abs. 1 S. 1a DSGVO auf der Grundlage Ihrer Einwilligung und ausschlie\u00dflich zu dem Zweck, Ihre E-Mail zu beantworten und in Kontakt mit Ihnen zu treten.<\/p>\n\n\n\n<p>Daten, die Sie uns per E-Mail schicken, unterliegen keiner automatisierten Datenverarbeitung. Die Dauer der Datenspeicherung h\u00e4ngt davon ab, wie lange wir die Daten f\u00fcr die Korrespondenz mit Ihnen ben\u00f6tigen und ob Sie unserem Verein als Mitglied beitreten oder in anderer Weise in Austausch mit uns bleiben. Wenn Sie weder Mitglied in unserem Verein werden noch aus anderen Gr\u00fcnden mit uns in Kontakt bleiben, wird Ihre E-Mail nach zwei Monaten gel\u00f6scht..<\/p>\n\n\n\n<p>Wenn Sie unsere Webseite besuchen, \u00fcbermittelt das Ger\u00e4t, mit dem Sie die Seite aufrufen, automatisch Verbindungsdaten an den Server des von uns genutzten Providers Strato. Teile dieser Daten werden von Strato in Log-Dateien gespeichert. Folgende Log-Daten werden bei diesem Prozess von Strato verarbeitet: die Domain unserer webpage, Ihre Client-IP, Request-Zeile, Timestamp, Status Code, Gr\u00f6\u00dfe des Response Bodies, Referer und User Agent, der vom Client gesendet wurde, Remote User. Zur Erkennung von Angriffen speichert Strato die nicht anonymisierten IP-Adressen maximal sieben Tage. Danach werden sie unwiderruflich anonymisiert. Wir k\u00f6nnen die IP-Adressen jedoch von Anbeginn ausschlie\u00dflich anonymisiert einsehen. Strato st\u00fctz die Datenverarbeitung auf die Rechtsgrundlage der berechtigten Interessen, Art. 6 Abs. 1 lit. f DSGVO.<\/p>\n\n\n\n<p>Eine \u00dcbermittlung Ihrer pers\u00f6nlichen Daten an Dritte erfolgt nur, wenn Sie nach Art. 6 Abs. 1 S. 1a DSGVO ausdr\u00fccklich darein eingewilligt haben oder wenn die Weitergabe nach Art. 6 Abs. 2 S. 2f DSGVO zur Geltendmachung, Aus\u00fcbung oder Verteidigung von Rechtsanspr\u00fcchen erforderlich ist und kein Grund zu der Annahme besteht, dass Ihr Interesse an der Geheimhaltung der Daten \u00fcberwiegt. Au\u00dferdem erfolgt eine Weitergabe der Daten nach Art. 6 ABs. 1 S. 1c DSGVO, wenn eine gesetzliche Verpflichtung dazu besteht.<\/p>\n\n\n\n<p><strong>Welche Rechte haben Sie?<\/strong><strong><\/strong><\/p>\n\n\n\n<p>Sie haben das Recht auf Auskunft \u00fcber Ihre Daten (Art. 15 Abs. 1 DSGVO), auf den Erhalt einer Kopie Ihrer Daten (Art. 15 Abs. 3 DSGVO), auf Berichtigung (\u00a7 16 DSGVO) oder L\u00f6schung (\u00a7 17 DSGVO) Ihrer personenbezogenen Daten, auf Einschr\u00e4nkung der Verarbeitung (\u00a7 18 DSGVO), auf Daten\u00fcbertragbarkeit (\u00a7 20 Abs. 1 S. 1, HS 1 DSGVO) und auf einen Widerspruch gegen die Verarbeitung (\u00a7&nbsp;21 DSGVO). Sie haben ferner das Recht, Ihre Einwilligung in die Datenverarbeitung jederzeit zu widerrufen. Die Rechtm\u00e4\u00dfigkeit der Datenverarbeitung bis zum Widerruf der Einwilligung wird dadurch nicht ber\u00fchrt. Soweit die Verarbeitung Ihrer Daten mithilfe automatisierter Verfahren erfolgt, haben Sie auch das Recht auf \u00dcbermittlung Ihrer Daten an einen anderen Verantwortlichen ohne Behinderung (\u00a7 20 Abs. 1 S. 1, HS 2 DSGVO).<\/p>\n\n\n\n<p>Ihre Antr\u00e4ge k\u00f6nnen Sie uns per per E-Mail datenschutz@jung-verwitwet.org \u00fcbermitteln. Wir sind verpflichtet, Ihren Antrag innerhalb eines Monats zu beantworten. Sollte Ihr Antrag zu komplex sein oder sollten zu viele andere Antr\u00e4ge gleichzeitig bei uns eingehen, setzen wir Sie dar\u00fcber in Kenntnis, dass dieser Zeitraum um weitere zwei Monate verl\u00e4ngert werden kann.<\/p>\n\n\n\n<p>Wenn Sie der Ansicht sind, dass die Verarbeitung der Sie betreffenden personenbezogenen Daten gegen die DSGVO verst\u00f6\u00dft, k\u00f6nnen Sie bei der zust\u00e4ndigen Aufsichtsbeh\u00f6rde eine Beschwerde erheben. Die Aufsichtsbeh\u00f6rde ist:<\/p>\n\n\n\n<p><strong>Der Landesbeauftragte f\u00fcr Datenschutz und Informationsfreiheit Baden-W\u00fcrttemberg<\/strong><strong><\/strong><\/p>\n\n\n\n<p><strong>Postfach 102932, 70025 Stuttgart<\/strong><strong><\/strong><\/p>\n\n\n\n<p><strong>Telefon: 0711-61 55 41-0<\/strong><strong><\/strong><\/p>\n\n\n\n<p><strong>Telefax: 0711-61 55 41-15<\/strong><strong><\/strong><strong>E-Mail: poststelle@lfdi.bwl.de<\/strong><\/p>\n","protected":false},"excerpt":{"rendered":"<p>Informationen nach der DSGVO zum Datenschutz Datenschutzrechtlich Verantwortlicher Verantwortlicher f\u00fcr die Datenverarbeitung ist jung verwitwet e. V., Franz-Liszt-Allee 49, 79189 Bad-Krozingen, Tel.: 07633-9198065, E-Mail: datenschutz@jung-verwitwet.org, Vorstand: Oliver Gericke, Dr. Lena K\u00fchnbach, Dr. Nasrin Abdullah. Welche Daten erheben wir von Ihnen und wie verarbeiten wir die Daten? Wenn Sie uns eine E-Mail schreiben, \u00fcberlassen Sie uns [&hellip;]<\/p>\n","protected":false},"author":1,"featured_media":0,"parent":0,"menu_order":0,"comment_status":"closed","ping_status":"closed","template":"","meta":[],"_links":{"self":[{"href":"https:\/\/jung-verwitwet.org\/index.php?rest_route=\/wp\/v2\/pages\/58"}],"collection":[{"href":"https:\/\/jung-verwitwet.org\/index.php?rest_route=\/wp\/v2\/pages"}],"about":[{"href":"https:\/\/jung-verwitwet.org\/index.php?rest_route=\/wp\/v2\/types\/page"}],"author":[{"embeddable":true,"href":"https:\/\/jung-verwitwet.org\/index.php?rest_route=\/wp\/v2\/users\/1"}],"replies":[{"embeddable":true,"href":"https:\/\/jung-verwitwet.org\/index.php?rest_route=%2Fwp%2Fv2%2Fcomments&post=58"}],"version-history":[{"count":2,"href":"https:\/\/jung-verwitwet.org\/index.php?rest_route=\/wp\/v2\/pages\/58\/revisions"}],"predecessor-version":[{"id":201,"href":"https:\/\/jung-verwitwet.org\/index.php?rest_route=\/wp\/v2\/pages\/58\/revisions\/201"}],"wp:attachment":[{"href":"https:\/\/jung-verwitwet.org\/index.php?rest_route=%2Fwp%2Fv2%2Fmedia&parent=58"}],"curies":[{"name":"wp","href":"https:\/\/api.w.org\/{rel}","templated":true}]}}